{"id":893,"date":"2020-05-20T10:54:48","date_gmt":"2020-05-20T08:54:48","guid":{"rendered":"http:\/\/elcagette-roubaix.org\/?page_id=893"},"modified":"2023-04-28T14:50:07","modified_gmt":"2023-04-28T12:50:07","slug":"le-veau","status":"publish","type":"page","link":"https:\/\/elcagette-roubaix.org\/?page_id=893","title":{"rendered":"Le veau"},"content":{"rendered":"<h3>Les colis de veau bio qui nous sont propos\u00e9s de temps \u00e0 autre viennent de la <a href=\"https:\/\/elcagette-roubaix.org\/?page_id=763\">ferme du Monthois \u00e0 Beaurainville<\/a> (62) qui nous fournit \u00e9galement le poulet.<\/h3>\n<p>Fran\u00e7ois et \u00c9lodie se sont lanc\u00e9s depuis peu dans cet atelier bovin. Pour l&rsquo;instant, ils ont une douzaine de vaches de race Salers :<\/p>\n<blockquote><p><em>\u00ab\u00a0C&rsquo;est une race qui v\u00eale tr\u00e8s facilement. Nous les laissons \u00e0 l&rsquo;herbe du printemps \u00e0 l&rsquo;automne, notamment dans les marais g\u00e9r\u00e9s par le Conservatoire des Espaces naturels. L&rsquo;hiver, elles mangent le foin des p\u00e2tures et de la luzerne que je fais pousser. C&rsquo;est une l\u00e9gumineuse qui am\u00e8ne de l&rsquo;azote et nettoie le sol. Les veaux sont abattus \u00e0 7 mois, apr\u00e8s avoir \u00e9t\u00e9 allait\u00e9s jusqu&rsquo;\u00e0 l&rsquo;\u00e2ge de 6 mois.\u00a0\u00bb<\/em><\/p><\/blockquote>\n<div id=\"ffenetremailtomailModal\" style=\"z-index: 20002;\">\n<div id=\"ffenetremailtopopupModalMail\"><\/div>\n<\/div>\n<div id=\"ffenetremailtomailModal\" style=\"z-index: 20002;\">\n<div id=\"ffenetremailtopopupModalMail\">\n<p>&nbsp;<\/p>\n<\/div>\n<\/div>\n","protected":false},"excerpt":{"rendered":"<p>Les colis de veau bio qui nous sont propos\u00e9s de temps \u00e0 autre viennent de la ferme du Monthois \u00e0 Beaurainville (62) qui nous fournit \u00e9galement le poulet. Fran\u00e7ois et&hellip;<\/p>\n","protected":false},"author":10,"featured_media":0,"parent":0,"menu_order":0,"comment_status":"closed","ping_status":"closed","template":"","meta":{"footnotes":""},"class_list":["post-893","page","type-page","status-publish","hentry","no-post-thumbnail"],"_links":{"self":[{"href":"https:\/\/elcagette-roubaix.org\/index.php?rest_route=\/wp\/v2\/pages\/893","targetHints":{"allow":["GET"]}}],"collection":[{"href":"https:\/\/elcagette-roubaix.org\/index.php?rest_route=\/wp\/v2\/pages"}],"about":[{"href":"https:\/\/elcagette-roubaix.org\/index.php?rest_route=\/wp\/v2\/types\/page"}],"author":[{"embeddable":true,"href":"https:\/\/elcagette-roubaix.org\/index.php?rest_route=\/wp\/v2\/users\/10"}],"replies":[{"embeddable":true,"href":"https:\/\/elcagette-roubaix.org\/index.php?rest_route=%2Fwp%2Fv2%2Fcomments&post=893"}],"version-history":[{"count":11,"href":"https:\/\/elcagette-roubaix.org\/index.php?rest_route=\/wp\/v2\/pages\/893\/revisions"}],"predecessor-version":[{"id":1393,"href":"https:\/\/elcagette-roubaix.org\/index.php?rest_route=\/wp\/v2\/pages\/893\/revisions\/1393"}],"wp:attachment":[{"href":"https:\/\/elcagette-roubaix.org\/index.php?rest_route=%2Fwp%2Fv2%2Fmedia&parent=893"}],"curies":[{"name":"wp","href":"https:\/\/api.w.org\/{rel}","templated":true}]}}