{"id":807,"date":"2020-02-17T11:09:18","date_gmt":"2020-02-17T10:09:18","guid":{"rendered":"http:\/\/elcagette-roubaix.org\/?page_id=807"},"modified":"2023-04-29T11:27:02","modified_gmt":"2023-04-29T09:27:02","slug":"les-savons-et-shampooings-solides","status":"publish","type":"page","link":"https:\/\/elcagette-roubaix.org\/?page_id=807","title":{"rendered":"les savons et shampooings solides"},"content":{"rendered":"<p><span style=\"font-family: Times New Roman, serif;\"><span style=\"font-size: x-large;\"><b>La savonnerie Antheya SARL\u00a0<\/b><\/span><\/span><\/p>\n<p>&nbsp;<\/p>\n<p><span style=\"font-family: Times New Roman, serif;\"><span style=\"font-size: x-large;\"><b><img loading=\"lazy\" decoding=\"async\" class=\"size-medium wp-image-910 alignright\" src=\"https:\/\/elcagette-roubaix.org\/wp-content\/uploads\/2020\/05\/antheya--300x170.png\" alt=\"\" width=\"300\" height=\"170\" srcset=\"https:\/\/elcagette-roubaix.org\/wp-content\/uploads\/2020\/05\/antheya--300x170.png 300w, https:\/\/elcagette-roubaix.org\/wp-content\/uploads\/2020\/05\/antheya-.png 440w\" sizes=\"auto, (max-width: 300px) 100vw, 300px\" \/><\/b><\/span><\/span><\/p>\n<p><span style=\"font-family: Times New Roman, serif;\"><span style=\"font-size: medium;\">Claudia et Sylvain Janquin ont cr\u00e9\u00e9 cette entreprise familiale en 2009 dans le but de revenir \u00e0 l\u2019essentiel. Ils habitent pr\u00e8s de Calais. <\/span><\/span><span style=\"font-family: Times New Roman, serif;\"><span style=\"font-size: medium;\"><b>Claud<\/b><\/span><\/span><span style=\"font-family: Times New Roman, serif;\"><span style=\"font-size: medium;\"><b>ia Janquin<\/b><\/span><\/span><span style=\"font-family: Times New Roman, serif;\"><span style=\"font-size: medium;\">, chimiste, est la cr\u00e9atrice de la savonnerie. Pendant 7 ans, elle d\u00e9veloppe<\/span><\/span><span style=\"font-family: Times New Roman, serif;\"><span style=\"font-size: medium;\">\u00a0tout doucement sa savonnerie \u00ab\u00a0Le savon Autrement\u00a0\u00bb puis en 2016 son \u00e9poux,\u00a0<\/span><\/span><span style=\"font-family: Times New Roman, serif;\"><span style=\"font-size: medium;\"><b>Sylvain<\/b><\/span><\/span><span style=\"font-family: Times New Roman, serif;\"><span style=\"font-size: medium;\">, d\u00e9missionne de son poste de cadre pour la rejoindre, c\u2019est la naissance d\u2019<\/span><\/span><span style=\"font-family: Times New Roman, serif;\"><span style=\"font-size: medium;\"><b>Antheya SARL<\/b><\/span><\/span><span style=\"font-family: Times New Roman, serif;\"><span style=\"font-size: medium;\">.<\/span><\/span><\/p>\n<p><span style=\"font-family: Times New Roman, serif;\"><span style=\"font-size: medium;\">\u00ab\u00a0<em>Antheia est le nom de la d\u00e9esse grecque des fleurs mais le nom \u00e9tant d\u00e9j\u00e0 d\u00e9pos\u00e9 nous avons opt\u00e9 pour Antheya<\/em>\u00ab\u00a0.<\/span><\/span><\/p>\n<p><span style=\"font-family: Times New Roman, serif;\"><span style=\"font-size: medium;\">Leurs savons sont fabriqu\u00e9s \u00e0 la main \u00e0 partir d\u2019huiles v\u00e9g\u00e9tales biologiques. Ils sont <\/span><\/span><span style=\"font-family: Times New Roman, serif;\"><span style=\"font-size: medium;\"><b>saponifi\u00e9s \u00e0 froid et coup\u00e9s \u00e0 la main<\/b><\/span><\/span><span style=\"font-family: Times New Roman, serif;\"><span style=\"font-size: medium;\">. <\/span><\/span><span style=\"font-family: Times New Roman, serif;\"><span style=\"font-size: medium;\"><b>Leurs savons ne contiennent pas de substances issues de la p\u00e9trochimie ou de synth\u00e8se. Ils sont surgras, naturels, sans colorant, sans conservateur, sans parfum, sans paraben et sans huile de palme. <\/b>Les touches de couleurs sont apport\u00e9es par des argiles<br \/>\n<\/span><\/span><\/p>\n<p>Ils proposent des savons, savons \u00e0 raser, shampoings qui s\u2019adaptent aux diff\u00e9rents types de peaux et de cheveux, des baumes et masques.<\/p>\n<p>Leurs produits sont peu emball\u00e9s (une simple bande de papier).<\/p>\n<p><b>Pourquoi on les recommande : <\/b><\/p>\n<p>Karine\u00a0: \u00ab\u00a0<em>Je recommande vivement leurs produits car ce sont des produits de qualit\u00e9. J\u2019ai les mains beaucoup moins s\u00e8ches depuis que j\u2019utilise leurs savons et mes cheveux sont satisfaits de leurs shampoings. Claudia et Sylvain sont un couple avec de<\/em> <em>belles valeurs qui sont convaincus par ce qu\u2019ils <span style=\"font-family: Times New Roman, serif;\"><span style=\"font-size: x-large;\"><b><img loading=\"lazy\" decoding=\"async\" class=\"alignleft size-full wp-image-909\" src=\"https:\/\/elcagette-roubaix.org\/wp-content\/uploads\/2020\/05\/logo-antheya.png\" alt=\"\" width=\"167\" height=\"162\" \/><\/b><\/span><\/span>font et qui veulent vraiment cr\u00e9er ce qu\u2019il y a de mieux pour notre peau ou nos cheveux.<\/em>\u00a0\u00bb<\/p>\n<p>Pour en savoir plus, visitez leur <a href=\"https:\/\/antheya.fr\/\" target=\"_blank\" rel=\"noopener\">SITE INTERNET<\/a><\/p>\n<div id=\"ffenetremailtomailModal\" style=\"z-index: 20002;\">\n<div id=\"ffenetremailtopopupModalMail\">\n<div id=\"ffenetremailtotoModalClose\"><\/div>\n<\/div>\n<\/div>\n<div><img \/><\/div>\n","protected":false},"excerpt":{"rendered":"<p>La savonnerie Antheya SARL\u00a0 &nbsp; Claudia et Sylvain Janquin ont cr\u00e9\u00e9 cette entreprise familiale en 2009 dans le but de revenir \u00e0 l\u2019essentiel. Ils habitent pr\u00e8s de Calais. Claudia Janquin,&hellip;<\/p>\n","protected":false},"author":1,"featured_media":0,"parent":0,"menu_order":0,"comment_status":"closed","ping_status":"closed","template":"","meta":{"footnotes":""},"class_list":["post-807","page","type-page","status-publish","hentry","no-post-thumbnail"],"_links":{"self":[{"href":"https:\/\/elcagette-roubaix.org\/index.php?rest_route=\/wp\/v2\/pages\/807","targetHints":{"allow":["GET"]}}],"collection":[{"href":"https:\/\/elcagette-roubaix.org\/index.php?rest_route=\/wp\/v2\/pages"}],"about":[{"href":"https:\/\/elcagette-roubaix.org\/index.php?rest_route=\/wp\/v2\/types\/page"}],"author":[{"embeddable":true,"href":"https:\/\/elcagette-roubaix.org\/index.php?rest_route=\/wp\/v2\/users\/1"}],"replies":[{"embeddable":true,"href":"https:\/\/elcagette-roubaix.org\/index.php?rest_route=%2Fwp%2Fv2%2Fcomments&post=807"}],"version-history":[{"count":7,"href":"https:\/\/elcagette-roubaix.org\/index.php?rest_route=\/wp\/v2\/pages\/807\/revisions"}],"predecessor-version":[{"id":1432,"href":"https:\/\/elcagette-roubaix.org\/index.php?rest_route=\/wp\/v2\/pages\/807\/revisions\/1432"}],"wp:attachment":[{"href":"https:\/\/elcagette-roubaix.org\/index.php?rest_route=%2Fwp%2Fv2%2Fmedia&parent=807"}],"curies":[{"name":"wp","href":"https:\/\/api.w.org\/{rel}","templated":true}]}}