{"id":785,"date":"2020-02-17T10:49:08","date_gmt":"2020-02-17T09:49:08","guid":{"rendered":"http:\/\/elcagette-roubaix.org\/?page_id=785"},"modified":"2021-01-19T14:29:04","modified_gmt":"2021-01-19T13:29:04","slug":"les-oeufs-2","status":"publish","type":"page","link":"https:\/\/elcagette-roubaix.org\/?page_id=785","title":{"rendered":"les oeufs"},"content":{"rendered":"<p><strong>Les \u0153ufs<\/strong> \u00e0 El&rsquo;Cagette sont un service propos\u00e9s aux adh\u00e9rents \u00e0 prix quasiment co\u00fbtant.<\/p>\n<p>Nous avons 2 fournisseurs :<\/p>\n<p><strong>1- l&rsquo;entreprise Spenninck<\/strong><br \/>\nLa soci\u00e9t\u00e9 SPENNINCK est implant\u00e9e au MIN de Lomme (March\u00e9 d&rsquo;Int\u00e9r\u00eats National) depuis avril 1991 dans la vente en gros de fruits et l\u00e9gumes. Depuis 2008, elle est sp\u00e9cialis\u00e9e dans la vente de produits frais biologiques.<\/p>\n<p>\u0152ufs BIO calibre moyen, certifi\u00e9s aupr\u00e8s d&rsquo;organismes agr\u00e9\u00e9s, gage de s\u00e9curit\u00e9, de fiabilit\u00e9 et de qualit\u00e9.<br \/>\nPourquoi on le recommande :<br \/>\nLivr\u00e9s le mercredi matin, ils viennent de fermes r\u00e9gionales. Ils sont extra-frais et sont consommables environ 20 jours et ils sont bons\u00a0!<\/p>\n<p><strong>2- la ferme Catteau \u00e0 Frelinghien<\/strong><\/p>\n<p>C&rsquo;est Elizabeth qui veille sur le poulailler, certifi\u00e9 bio depuis juillet 2019. Selon le cahier des charges, les poules disposent de 6m2 \u00e0 l&rsquo;int\u00e9rieur et ont acc\u00e8s \u00e0 l&rsquo;ext\u00e9rieur (au moins 1\/3 de leur vie). Leur alimentation est issue de l&rsquo;agriculture biologique \u00e0 95%, dont 20% d&rsquo;exploitations r\u00e9gionales.<\/p>\n<p>Pourquoi on le recommande :<\/p>\n<p>Les \u0153ufs livr\u00e9s le mercredi sont de la veille ! Super extra-frais donc. On peut les conserver jusqu&rsquo;\u00e0 40 jours.<\/p>\n","protected":false},"excerpt":{"rendered":"<p>Les \u0153ufs \u00e0 El&rsquo;Cagette sont un service propos\u00e9s aux adh\u00e9rents \u00e0 prix quasiment co\u00fbtant. Nous avons 2 fournisseurs : 1- l&rsquo;entreprise Spenninck La soci\u00e9t\u00e9 SPENNINCK est implant\u00e9e au MIN de&hellip;<\/p>\n","protected":false},"author":1,"featured_media":0,"parent":0,"menu_order":0,"comment_status":"closed","ping_status":"closed","template":"","meta":{"footnotes":""},"class_list":["post-785","page","type-page","status-publish","hentry","no-post-thumbnail"],"_links":{"self":[{"href":"https:\/\/elcagette-roubaix.org\/index.php?rest_route=\/wp\/v2\/pages\/785","targetHints":{"allow":["GET"]}}],"collection":[{"href":"https:\/\/elcagette-roubaix.org\/index.php?rest_route=\/wp\/v2\/pages"}],"about":[{"href":"https:\/\/elcagette-roubaix.org\/index.php?rest_route=\/wp\/v2\/types\/page"}],"author":[{"embeddable":true,"href":"https:\/\/elcagette-roubaix.org\/index.php?rest_route=\/wp\/v2\/users\/1"}],"replies":[{"embeddable":true,"href":"https:\/\/elcagette-roubaix.org\/index.php?rest_route=%2Fwp%2Fv2%2Fcomments&post=785"}],"version-history":[{"count":8,"href":"https:\/\/elcagette-roubaix.org\/index.php?rest_route=\/wp\/v2\/pages\/785\/revisions"}],"predecessor-version":[{"id":997,"href":"https:\/\/elcagette-roubaix.org\/index.php?rest_route=\/wp\/v2\/pages\/785\/revisions\/997"}],"wp:attachment":[{"href":"https:\/\/elcagette-roubaix.org\/index.php?rest_route=%2Fwp%2Fv2%2Fmedia&parent=785"}],"curies":[{"name":"wp","href":"https:\/\/api.w.org\/{rel}","templated":true}]}}