{"id":783,"date":"2020-02-17T10:48:58","date_gmt":"2020-02-17T09:48:58","guid":{"rendered":"http:\/\/elcagette-roubaix.org\/?page_id=783"},"modified":"2024-03-27T17:30:53","modified_gmt":"2024-03-27T16:30:53","slug":"la-biere","status":"publish","type":"page","link":"https:\/\/elcagette-roubaix.org\/?page_id=783","title":{"rendered":"la bi\u00e8re"},"content":{"rendered":"<p style=\"text-align: center;\"><strong>\u00a0<\/strong><\/p>\n<p><img loading=\"lazy\" decoding=\"async\" class=\"size-medium wp-image-728 alignleft\" src=\"https:\/\/elcagette-roubaix.org\/wp-content\/uploads\/2019\/03\/Capture-d\u2019e\u0301cran-2019-03-17-a\u0300-10.06.00-300x243.png\" alt=\"\" width=\"300\" height=\"243\" srcset=\"https:\/\/elcagette-roubaix.org\/wp-content\/uploads\/2019\/03\/Capture-d\u2019e\u0301cran-2019-03-17-a\u0300-10.06.00-300x243.png 300w, https:\/\/elcagette-roubaix.org\/wp-content\/uploads\/2019\/03\/Capture-d\u2019e\u0301cran-2019-03-17-a\u0300-10.06.00.png 418w\" sizes=\"auto, (max-width: 300px) 100vw, 300px\" \/>\u00ab\u00a0La transition\u00a0\u00bb de la brasserie Hub est brass\u00e9e \u00e0 500m de chez nous ! On ne peut pas faire plus local&#8230;<\/p>\n<p>S\u00e9bastien et Alexis ont \u00e9labor\u00e9 cette bi\u00e8re type \u00ab\u00a0saison\u00a0\u00bb \u00e0 partir d&rsquo;ingr\u00e9dients biologiques.<\/p>\n<p>Une bi\u00e8re blonde et l\u00e9g\u00e8rement trouble, d&rsquo;inspiration fermi\u00e8re aux ar\u00f4mes fruit\u00e9s.<br \/>\nABV : 6% \/ Amertume : l\u00e9g\u00e8re<\/p>\n<p>Elle est vendue en bouteilles de 75cl.<\/p>\n<div id=\"ffenetremailtomailModal\" style=\"z-index: 20002;\">\n<div id=\"ffenetremailtopopupModalMail\"><\/div>\n<\/div>\n<div><\/div>\n<div id=\"ffenetremailtomailModal\" style=\"z-index: 20002;\">\n<div id=\"ffenetremailtopopupModalMail\">\n<div id=\"ffenetremailtotoModalClose\"><\/div>\n<\/div>\n<\/div>\n<div><\/div>\n","protected":false},"excerpt":{"rendered":"<p>\u00a0 \u00ab\u00a0La transition\u00a0\u00bb de la brasserie Hub est brass\u00e9e \u00e0 500m de chez nous ! On ne peut pas faire plus local&#8230; S\u00e9bastien et Alexis ont \u00e9labor\u00e9 cette bi\u00e8re type&hellip;<\/p>\n","protected":false},"author":1,"featured_media":0,"parent":0,"menu_order":0,"comment_status":"closed","ping_status":"closed","template":"","meta":{"footnotes":""},"class_list":["post-783","page","type-page","status-publish","hentry","no-post-thumbnail"],"_links":{"self":[{"href":"https:\/\/elcagette-roubaix.org\/index.php?rest_route=\/wp\/v2\/pages\/783","targetHints":{"allow":["GET"]}}],"collection":[{"href":"https:\/\/elcagette-roubaix.org\/index.php?rest_route=\/wp\/v2\/pages"}],"about":[{"href":"https:\/\/elcagette-roubaix.org\/index.php?rest_route=\/wp\/v2\/types\/page"}],"author":[{"embeddable":true,"href":"https:\/\/elcagette-roubaix.org\/index.php?rest_route=\/wp\/v2\/users\/1"}],"replies":[{"embeddable":true,"href":"https:\/\/elcagette-roubaix.org\/index.php?rest_route=%2Fwp%2Fv2%2Fcomments&post=783"}],"version-history":[{"count":13,"href":"https:\/\/elcagette-roubaix.org\/index.php?rest_route=\/wp\/v2\/pages\/783\/revisions"}],"predecessor-version":[{"id":1820,"href":"https:\/\/elcagette-roubaix.org\/index.php?rest_route=\/wp\/v2\/pages\/783\/revisions\/1820"}],"wp:attachment":[{"href":"https:\/\/elcagette-roubaix.org\/index.php?rest_route=%2Fwp%2Fv2%2Fmedia&parent=783"}],"curies":[{"name":"wp","href":"https:\/\/api.w.org\/{rel}","templated":true}]}}