{"id":771,"date":"2020-02-17T10:44:13","date_gmt":"2020-02-17T09:44:13","guid":{"rendered":"http:\/\/elcagette-roubaix.org\/?page_id=771"},"modified":"2021-01-19T14:00:35","modified_gmt":"2021-01-19T13:00:35","slug":"les-legumineuses","status":"publish","type":"page","link":"https:\/\/elcagette-roubaix.org\/?page_id=771","title":{"rendered":"les l\u00e9gumineuses"},"content":{"rendered":"<p><strong>Les lentilles vertes et les pois cass\u00e9s<\/strong> viennent de la ferme de M. et Mme Ortegat \u00e0 la Neuville-sur-Oudeuil, dans la Somme.<\/p>\n<p>Ils ont repris l\u2019exploitation parentale cr\u00e9\u00e9e dans les ann\u00e9es 60 (c\u00e9r\u00e9ales et vaches \u00e0 viande) et cultivent aujourd&rsquo;hui 140 hectares de c\u00e9r\u00e9ales bio (\u00e9peautre &#8211; petit \u00e9peautre &#8211; orge &#8211; mais &#8211; sarrazin \u2026.. ) dont 6 d\u00e9di\u00e9s aux pois cass\u00e9s et lentilles vertes. Leurs produits sont\u00a0 principalement vendus dans les magasins de regroupement de producteurs (Panier Vert, Talents de ferme) et chez les meuniers.<\/p>\n<p>La conversion en bio date de 2001.<\/p>\n<p><strong><img loading=\"lazy\" decoding=\"async\" class=\"size-medium wp-image-861 alignright\" src=\"https:\/\/elcagette-roubaix.org\/wp-content\/uploads\/2020\/05\/beluga-300x225.jpg\" alt=\"\" width=\"300\" height=\"225\" srcset=\"https:\/\/elcagette-roubaix.org\/wp-content\/uploads\/2020\/05\/beluga-300x225.jpg 300w, https:\/\/elcagette-roubaix.org\/wp-content\/uploads\/2020\/05\/beluga-768x576.jpg 768w, https:\/\/elcagette-roubaix.org\/wp-content\/uploads\/2020\/05\/beluga-1024x768.jpg 1024w, https:\/\/elcagette-roubaix.org\/wp-content\/uploads\/2020\/05\/beluga-600x450.jpg 600w, https:\/\/elcagette-roubaix.org\/wp-content\/uploads\/2020\/05\/beluga-120x90.jpg 120w\" sizes=\"auto, (max-width: 300px) 100vw, 300px\" \/><\/strong><\/p>\n<p><strong>Les lentilles Beluga<\/strong>\u00a0 aussi appel\u00e9es le \u00ab\u00a0caviar des lentilles\u00a0\u00bb car de couleur noire, lisses et tr\u00e8s rondes.\u00a0 Elles sont cultiv\u00e9es par Georges-\u00c9ric Vermont, \u00e0 Marcq-en-Baroeul. Leur particularit\u00e9 : moins farineuses que les lentilles classiques, leur go\u00fbt est plus fin avec des notes de noisettes et ch\u00e2taignes. Un excellent produit pour les salades estivales !<\/p>\n<p>C&rsquo;est une exploitation en agriculture conventionn\u00e9e raisonn\u00e9e, mais G.-\u00c9. Vermont est r\u00e9f\u00e9renc\u00e9\u00a0 \u00ab\u00a0Z\u00e9ro pesticide\u00a0\u00bb. Chez lui, le binage se fait au tracteur et le d\u00e9sherbage \u00e0 la main !<\/p>\n<div id=\"ffenetremailtomailModal\" style=\"z-index: 20002;\">\n<div id=\"ffenetremailtopopupModalMail\"><\/div>\n<\/div>\n","protected":false},"excerpt":{"rendered":"<p>Les lentilles vertes et les pois cass\u00e9s viennent de la ferme de M. et Mme Ortegat \u00e0 la Neuville-sur-Oudeuil, dans la Somme. Ils ont repris l\u2019exploitation parentale cr\u00e9\u00e9e dans les&hellip;<\/p>\n","protected":false},"author":1,"featured_media":0,"parent":0,"menu_order":0,"comment_status":"closed","ping_status":"closed","template":"","meta":{"footnotes":""},"class_list":["post-771","page","type-page","status-publish","hentry","no-post-thumbnail"],"_links":{"self":[{"href":"https:\/\/elcagette-roubaix.org\/index.php?rest_route=\/wp\/v2\/pages\/771","targetHints":{"allow":["GET"]}}],"collection":[{"href":"https:\/\/elcagette-roubaix.org\/index.php?rest_route=\/wp\/v2\/pages"}],"about":[{"href":"https:\/\/elcagette-roubaix.org\/index.php?rest_route=\/wp\/v2\/types\/page"}],"author":[{"embeddable":true,"href":"https:\/\/elcagette-roubaix.org\/index.php?rest_route=\/wp\/v2\/users\/1"}],"replies":[{"embeddable":true,"href":"https:\/\/elcagette-roubaix.org\/index.php?rest_route=%2Fwp%2Fv2%2Fcomments&post=771"}],"version-history":[{"count":14,"href":"https:\/\/elcagette-roubaix.org\/index.php?rest_route=\/wp\/v2\/pages\/771\/revisions"}],"predecessor-version":[{"id":985,"href":"https:\/\/elcagette-roubaix.org\/index.php?rest_route=\/wp\/v2\/pages\/771\/revisions\/985"}],"wp:attachment":[{"href":"https:\/\/elcagette-roubaix.org\/index.php?rest_route=%2Fwp%2Fv2%2Fmedia&parent=771"}],"curies":[{"name":"wp","href":"https:\/\/api.w.org\/{rel}","templated":true}]}}