{"id":763,"date":"2020-01-11T13:03:12","date_gmt":"2020-01-11T12:03:12","guid":{"rendered":"http:\/\/elcagette-roubaix.org\/?page_id=763"},"modified":"2021-01-19T14:21:05","modified_gmt":"2021-01-19T13:21:05","slug":"le-poulet","status":"publish","type":"page","link":"https:\/\/elcagette-roubaix.org\/?page_id=763","title":{"rendered":"Le poulet"},"content":{"rendered":"<h3><img loading=\"lazy\" decoding=\"async\" class=\"size-medium wp-image-891 alignleft\" src=\"https:\/\/elcagette-roubaix.org\/wp-content\/uploads\/2020\/05\/Portrait-Fran\u00e7ois-300x200.jpg\" alt=\"\" width=\"300\" height=\"200\" srcset=\"https:\/\/elcagette-roubaix.org\/wp-content\/uploads\/2020\/05\/Portrait-Fran\u00e7ois-300x200.jpg 300w, https:\/\/elcagette-roubaix.org\/wp-content\/uploads\/2020\/05\/Portrait-Fran\u00e7ois-768x511.jpg 768w, https:\/\/elcagette-roubaix.org\/wp-content\/uploads\/2020\/05\/Portrait-Fran\u00e7ois-600x400.jpg 600w, https:\/\/elcagette-roubaix.org\/wp-content\/uploads\/2020\/05\/Portrait-Fran\u00e7ois.jpg 1000w\" sizes=\"auto, (max-width: 300px) 100vw, 300px\" \/>Les poulets qui nous sont propos\u00e9s chaque mois viennent de Beaurainville (62) et plus pr\u00e9cis\u00e9ment de la ferme du Monthois, chez Fran\u00e7ois Doll\u00e9.<\/h3>\n<p>Apr\u00e8s avoir pass\u00e9 un dipl\u00f4me d&rsquo;ing\u00e9nieur en g\u00e9nie industriel et travaill\u00e9 deux ans dans ce domaine (il habitait alors Wattrelos !), Fran\u00e7ois et son \u00e9pouse \u00c9lodie ont d\u00e9cid\u00e9 de revenir vivre \u00e0 la campagne et de se lancer dans une activit\u00e9 agricole, en s&rsquo;installant sur la ferme de sa m\u00e8re, Brigitte, \u00e9leveuse de bovins.<\/p>\n<p>Les premiers poussins sont achet\u00e9s en 2014 et Fran\u00e7ois peut se mettre \u00e0 son compte en 2017 en reprenant une dizaine d&rsquo;hectares d\u00e9di\u00e9s \u00e0 son atelier de production de volaille de chair en agriculture bio. Et cette ann\u00e9e, avec le d\u00e9part en retraite de sa m\u00e8re, c&rsquo;est 30 hectares de plus qui vont lui permettre de diversifier sa production.<\/p>\n<h2>Des poulets bien \u00e9lev\u00e9s<\/h2>\n<blockquote><p><em>\u00ab\u00a0J&rsquo;ach\u00e8te chaque mois un lot de 450 poussins, \u00e2g\u00e9s d&rsquo;un ou deux jours, \u00e0 un couvoir conventionnel car il n&rsquo;existe pas de couvoir <img loading=\"lazy\" decoding=\"async\" class=\"size-medium wp-image-890 alignright\" src=\"https:\/\/elcagette-roubaix.org\/wp-content\/uploads\/2020\/05\/poulailler-300x169.jpg\" alt=\"\" width=\"300\" height=\"169\" srcset=\"https:\/\/elcagette-roubaix.org\/wp-content\/uploads\/2020\/05\/poulailler-300x169.jpg 300w, https:\/\/elcagette-roubaix.org\/wp-content\/uploads\/2020\/05\/poulailler-600x338.jpg 600w, https:\/\/elcagette-roubaix.org\/wp-content\/uploads\/2020\/05\/poulailler-540x304.jpg 540w, https:\/\/elcagette-roubaix.org\/wp-content\/uploads\/2020\/05\/poulailler.jpg 640w\" sizes=\"auto, (max-width: 300px) 100vw, 300px\" \/>bio. Je les \u00e9l\u00e8ve pendant 3 mois \u00e0 3 mois et demi (le minimum en bio, c&rsquo;est 81 jours, je les garde 90 \u00e0 110 jours). Ils ne sont nourris que d&rsquo;aliments bio : bl\u00e9, triticale, ma\u00efs, pois prot\u00e9agineux ou soja. Au d\u00e9but &#8211; 4 semaines ou plus selon la saison &#8211; ils sont enferm\u00e9s, mais dans un grand poulailler, sous des lampes chauffantes. Puis je commence \u00e0 ouvrir.\u00a0\u00bb<\/em><\/p><\/blockquote>\n<p><img loading=\"lazy\" decoding=\"async\" class=\" wp-image-889 alignleft\" src=\"https:\/\/elcagette-roubaix.org\/wp-content\/uploads\/2020\/05\/poulets-ext\u00e9rieur-300x169.jpg\" alt=\"\" width=\"408\" height=\"230\" srcset=\"https:\/\/elcagette-roubaix.org\/wp-content\/uploads\/2020\/05\/poulets-ext\u00e9rieur-300x169.jpg 300w, https:\/\/elcagette-roubaix.org\/wp-content\/uploads\/2020\/05\/poulets-ext\u00e9rieur-600x338.jpg 600w, https:\/\/elcagette-roubaix.org\/wp-content\/uploads\/2020\/05\/poulets-ext\u00e9rieur-540x304.jpg 540w, https:\/\/elcagette-roubaix.org\/wp-content\/uploads\/2020\/05\/poulets-ext\u00e9rieur.jpg 640w\" sizes=\"auto, (max-width: 408px) 100vw, 408px\" \/>L&rsquo;\u00e9levage de volailles est assez contraignant : il faut remplir les abreuvoirs et apporter \u00e0 manger r\u00e9guli\u00e8rement, changer la paille pour que le sol reste propre et surtout \u00eatre vigilant sur l&rsquo;\u00e9tat de sant\u00e9 des poussins. Une partie sanitaire \u00e0 laquelle il a fallu se former, notamment avec l&rsquo;association <a href=\"http:\/\/www.cerdd.org\/Parcours-thematiques\/Alimentation-durable\/Les-acteurs-qui-sont-membres-du-reseau-Ready\/Bio-en-Hauts-de-France-GABNOR-et-Bio-Picardie\" target=\"_blank\" rel=\"noopener\">Gabnor<\/a>\u00a0aupr\u00e8s de v\u00e9t\u00e9rinaires sp\u00e9cialis\u00e9s en aviculture.<\/p>\n<p>Enfin, les poulets sont amen\u00e9s \u00e0 un abattoir proche, \u00e0 Le Boisle (80). Puis Fran\u00e7ois et Elodie les pr\u00e9parent en chambre froide, avant de les vendre, uniquement sur commande. Outre El Cagette, ils travaillent avec d&rsquo;autres associations de consommateurs, quelques AMAP dans la Somme et \u00e0 Lille et un r\u00e9seau de vente directe. Ils n&rsquo;ont pas de salari\u00e9s, seulement de temps \u00e0 autre, l&rsquo;aide de <a href=\"https:\/\/wwoof.fr\/\" target=\"_blank\" rel=\"noopener\">wwoofeurs<\/a>.<\/p>\n<p>Aujourd&rsquo;hui, le couple commence \u00e0 \u00e9lever \u00e9galement des pintades et poss\u00e8de un petit \u00e9levage bovin. C&rsquo;est de chez lui que vient <a href=\"https:\/\/elcagette-roubaix.org\/?page_id=893\">le veau<\/a> qui nous est propos\u00e9.<\/p>\n<div id=\"ffenetremailtomailModal\" style=\"z-index: 20002;\">\n<div id=\"ffenetremailtopopupModalMail\"><\/div>\n<\/div>\n","protected":false},"excerpt":{"rendered":"<p>Les poulets qui nous sont propos\u00e9s chaque mois viennent de Beaurainville (62) et plus pr\u00e9cis\u00e9ment de la ferme du Monthois, chez Fran\u00e7ois Doll\u00e9. Apr\u00e8s avoir pass\u00e9 un dipl\u00f4me d&rsquo;ing\u00e9nieur en&hellip;<\/p>\n","protected":false},"author":1,"featured_media":0,"parent":0,"menu_order":0,"comment_status":"closed","ping_status":"closed","template":"","meta":{"footnotes":""},"class_list":["post-763","page","type-page","status-publish","hentry","no-post-thumbnail"],"_links":{"self":[{"href":"https:\/\/elcagette-roubaix.org\/index.php?rest_route=\/wp\/v2\/pages\/763","targetHints":{"allow":["GET"]}}],"collection":[{"href":"https:\/\/elcagette-roubaix.org\/index.php?rest_route=\/wp\/v2\/pages"}],"about":[{"href":"https:\/\/elcagette-roubaix.org\/index.php?rest_route=\/wp\/v2\/types\/page"}],"author":[{"embeddable":true,"href":"https:\/\/elcagette-roubaix.org\/index.php?rest_route=\/wp\/v2\/users\/1"}],"replies":[{"embeddable":true,"href":"https:\/\/elcagette-roubaix.org\/index.php?rest_route=%2Fwp%2Fv2%2Fcomments&post=763"}],"version-history":[{"count":11,"href":"https:\/\/elcagette-roubaix.org\/index.php?rest_route=\/wp\/v2\/pages\/763\/revisions"}],"predecessor-version":[{"id":995,"href":"https:\/\/elcagette-roubaix.org\/index.php?rest_route=\/wp\/v2\/pages\/763\/revisions\/995"}],"wp:attachment":[{"href":"https:\/\/elcagette-roubaix.org\/index.php?rest_route=%2Fwp%2Fv2%2Fmedia&parent=763"}],"curies":[{"name":"wp","href":"https:\/\/api.w.org\/{rel}","templated":true}]}}