{"id":534,"date":"2018-10-22T17:24:06","date_gmt":"2018-10-22T15:24:06","guid":{"rendered":"http:\/\/elcagette-roubaix.org\/?page_id=534"},"modified":"2023-04-28T14:39:06","modified_gmt":"2023-04-28T12:39:06","slug":"le-kefir","status":"publish","type":"page","link":"https:\/\/elcagette-roubaix.org\/?page_id=534","title":{"rendered":"Le k\u00e9fir"},"content":{"rendered":"<p>&nbsp;<\/p>\n<p><span style=\"font-size: medium;\"><img loading=\"lazy\" decoding=\"async\" class=\"size-medium wp-image-576 alignleft\" src=\"https:\/\/elcagette-roubaix.org\/wp-content\/uploads\/2018\/10\/kefir-300x225.jpg\" alt=\"\" width=\"300\" height=\"225\" srcset=\"https:\/\/elcagette-roubaix.org\/wp-content\/uploads\/2018\/10\/kefir-300x225.jpg 300w, https:\/\/elcagette-roubaix.org\/wp-content\/uploads\/2018\/10\/kefir-600x450.jpg 600w, https:\/\/elcagette-roubaix.org\/wp-content\/uploads\/2018\/10\/kefir-120x90.jpg 120w, https:\/\/elcagette-roubaix.org\/wp-content\/uploads\/2018\/10\/kefir.jpg 605w\" sizes=\"auto, (max-width: 300px) 100vw, 300px\" \/><\/span><\/p>\n<p><span style=\"font-size: medium;\"><strong>Le k\u00e9fir des Weppes<\/strong> est un aliment miracle : boisson naturellement p\u00e9tillante, riche en probiotiques, elle est pleine de bienfaits pour la flore intestinale, les d\u00e9fenses immunitaires, les allergies, \u2026<br \/>\n<\/span><\/p>\n<p><span style=\"font-size: medium;\">Si les ingr\u00e9dients viennent d&rsquo;Europe, (citron, gingembre, hibiscus), la production est r\u00e9alis\u00e9e \u00e0 Halennes-l\u00e8s-Haubourdin, dans la m\u00e9tropole lilloise : une production \u00e0 petite \u00e9chelle men\u00e9e dans le souci de limiter la production de d\u00e9chets, l&rsquo;utilisation de mat\u00e9riaux durables (verre, inox).<\/span><\/p>\n<p><span style=\"font-size: medium;\">Les ingr\u00e9dients sont achet\u00e9s en gros contenants et les bouteilles sont consign\u00e9es.<\/span><\/p>\n<p><span style=\"font-size: medium;\"><u><b>\u00e0 conserver au r\u00e9frig\u00e9rateur<\/b><\/u><\/span><b> <\/b><span style=\"font-size: small;\">pour limiter la refermentation en bouteille<\/span><\/p>\n","protected":false},"excerpt":{"rendered":"<p>&nbsp; Le k\u00e9fir des Weppes est un aliment miracle : boisson naturellement p\u00e9tillante, riche en probiotiques, elle est pleine de bienfaits pour la flore intestinale, les d\u00e9fenses immunitaires, les allergies,&hellip;<\/p>\n","protected":false},"author":1,"featured_media":0,"parent":0,"menu_order":0,"comment_status":"closed","ping_status":"closed","template":"","meta":{"footnotes":""},"class_list":["post-534","page","type-page","status-publish","hentry","no-post-thumbnail"],"_links":{"self":[{"href":"https:\/\/elcagette-roubaix.org\/index.php?rest_route=\/wp\/v2\/pages\/534","targetHints":{"allow":["GET"]}}],"collection":[{"href":"https:\/\/elcagette-roubaix.org\/index.php?rest_route=\/wp\/v2\/pages"}],"about":[{"href":"https:\/\/elcagette-roubaix.org\/index.php?rest_route=\/wp\/v2\/types\/page"}],"author":[{"embeddable":true,"href":"https:\/\/elcagette-roubaix.org\/index.php?rest_route=\/wp\/v2\/users\/1"}],"replies":[{"embeddable":true,"href":"https:\/\/elcagette-roubaix.org\/index.php?rest_route=%2Fwp%2Fv2%2Fcomments&post=534"}],"version-history":[{"count":11,"href":"https:\/\/elcagette-roubaix.org\/index.php?rest_route=\/wp\/v2\/pages\/534\/revisions"}],"predecessor-version":[{"id":1390,"href":"https:\/\/elcagette-roubaix.org\/index.php?rest_route=\/wp\/v2\/pages\/534\/revisions\/1390"}],"wp:attachment":[{"href":"https:\/\/elcagette-roubaix.org\/index.php?rest_route=%2Fwp%2Fv2%2Fmedia&parent=534"}],"curies":[{"name":"wp","href":"https:\/\/api.w.org\/{rel}","templated":true}]}}