{"id":530,"date":"2018-10-22T17:22:33","date_gmt":"2018-10-22T15:22:33","guid":{"rendered":"http:\/\/elcagette-roubaix.org\/?page_id=530"},"modified":"2021-01-19T15:12:02","modified_gmt":"2021-01-19T14:12:02","slug":"les-pommes-noix-coings","status":"publish","type":"page","link":"https:\/\/elcagette-roubaix.org\/?page_id=530","title":{"rendered":"Les pommes, noix, coings"},"content":{"rendered":"<figure id=\"attachment_560\" aria-describedby=\"caption-attachment-560\" style=\"width: 300px\" class=\"wp-caption alignleft\"><img loading=\"lazy\" decoding=\"async\" class=\"wp-image-560 size-medium\" src=\"https:\/\/elcagette-roubaix.org\/wp-content\/uploads\/2018\/10\/cueillette-pommes-300x169.jpg\" alt=\"\" width=\"300\" height=\"169\" srcset=\"https:\/\/elcagette-roubaix.org\/wp-content\/uploads\/2018\/10\/cueillette-pommes-300x169.jpg 300w, https:\/\/elcagette-roubaix.org\/wp-content\/uploads\/2018\/10\/cueillette-pommes-768x432.jpg 768w, https:\/\/elcagette-roubaix.org\/wp-content\/uploads\/2018\/10\/cueillette-pommes-1024x575.jpg 1024w, https:\/\/elcagette-roubaix.org\/wp-content\/uploads\/2018\/10\/cueillette-pommes-600x337.jpg 600w, https:\/\/elcagette-roubaix.org\/wp-content\/uploads\/2018\/10\/cueillette-pommes-540x304.jpg 540w, https:\/\/elcagette-roubaix.org\/wp-content\/uploads\/2018\/10\/cueillette-pommes-1140x641.jpg 1140w, https:\/\/elcagette-roubaix.org\/wp-content\/uploads\/2018\/10\/cueillette-pommes.jpg 1381w\" sizes=\"auto, (max-width: 300px) 100vw, 300px\" \/><figcaption id=\"caption-attachment-560\" class=\"wp-caption-text\">la cueillette 2018&#8230; on s&rsquo;en souviendra.<\/figcaption><\/figure>\n<p>\u00ab\u00a0<em>28 septembre 2018&#8230; une bonne date pour la cueillette des pommes<\/em>\u00a0\u00bb nous ont dit Laurent et Marie-Pierre. \u00ab\u00a0<em>Venez dans notre verger de Baudignies, pr\u00e8s de Le Quesnoy, on fera un pique-nique, ce sera sympa<\/em>\u00ab\u00a0&#8230;<\/p>\n<p>Et c&rsquo;est vrai que c&rsquo;\u00e9tait sympa, malgr\u00e9 la pluie battante qui nous a arros\u00e9s toute la journ\u00e9e !!! Un d\u00e9cor de carte postale : le verger familial au bord de l&rsquo;Ecaillon, les vaches dans le pr\u00e9 d&rsquo;\u00e0 c\u00f4t\u00e9, et surtout les pommiers ! Une vingtaine en tout, charg\u00e9s de pommes, des petites, des grosses, des jaunes, des rouges, des grises&#8230;<\/p>\n<p>Ce verger, c&rsquo;est le fruit de la passion du papa de Marie-Pierre. Il a plant\u00e9 ces pommiers, r\u00e9alis\u00e9 des greffes et couv\u00e9 ce petit coin de paradis jusqu&rsquo;\u00e0 son d\u00e9c\u00e8s il y a deux ans. Sa fille et son gendre sont heureux de fournir ces pommes aux adh\u00e9rents d&rsquo;El&rsquo;Cagette. \u00ab\u00a0<em>Votre enthousiasme lui aurait plu<\/em>\u00a0\u00bb nous a dit Marie-Pierre.<\/p>\n<p>Les noix et les coings viennent aussi de chez Marie-Pierre et Laurent, mais d&rsquo;un autre verger, \u00e0 Forest-en-Cambr\u00e9sis. Ils arrivent \u00e0 Roubaix via \u00ab\u00a0Blablacoing\u00a0\u00bb, un syst\u00e8me de co-voiturage mis en place avec une habitante de Forest qui vient travailler \u00e0 Roubaix. Plus raisonn\u00e9 et raisonnable en mati\u00e8re de transport, on ne peut pas !<\/p>\n<p>Voir la recette des <a href=\"https:\/\/elcagette-roubaix.org\/?p=595\"><span style=\"color: #800080;\"><strong>coings \u00ab\u00a0comme \u00e0 Istanbul\u00a0\u00bb<\/strong><\/span><\/a>.<\/p>\n<p>&nbsp;<\/p>\n","protected":false},"excerpt":{"rendered":"<p>\u00ab\u00a028 septembre 2018&#8230; une bonne date pour la cueillette des pommes\u00a0\u00bb nous ont dit Laurent et Marie-Pierre. \u00ab\u00a0Venez dans notre verger de Baudignies, pr\u00e8s de Le Quesnoy, on fera un&hellip;<\/p>\n","protected":false},"author":1,"featured_media":0,"parent":0,"menu_order":0,"comment_status":"closed","ping_status":"closed","template":"","meta":{"footnotes":""},"class_list":["post-530","page","type-page","status-publish","hentry","no-post-thumbnail"],"_links":{"self":[{"href":"https:\/\/elcagette-roubaix.org\/index.php?rest_route=\/wp\/v2\/pages\/530","targetHints":{"allow":["GET"]}}],"collection":[{"href":"https:\/\/elcagette-roubaix.org\/index.php?rest_route=\/wp\/v2\/pages"}],"about":[{"href":"https:\/\/elcagette-roubaix.org\/index.php?rest_route=\/wp\/v2\/types\/page"}],"author":[{"embeddable":true,"href":"https:\/\/elcagette-roubaix.org\/index.php?rest_route=\/wp\/v2\/users\/1"}],"replies":[{"embeddable":true,"href":"https:\/\/elcagette-roubaix.org\/index.php?rest_route=%2Fwp%2Fv2%2Fcomments&post=530"}],"version-history":[{"count":6,"href":"https:\/\/elcagette-roubaix.org\/index.php?rest_route=\/wp\/v2\/pages\/530\/revisions"}],"predecessor-version":[{"id":1011,"href":"https:\/\/elcagette-roubaix.org\/index.php?rest_route=\/wp\/v2\/pages\/530\/revisions\/1011"}],"wp:attachment":[{"href":"https:\/\/elcagette-roubaix.org\/index.php?rest_route=%2Fwp%2Fv2%2Fmedia&parent=530"}],"curies":[{"name":"wp","href":"https:\/\/api.w.org\/{rel}","templated":true}]}}