{"id":526,"date":"2018-10-22T17:20:03","date_gmt":"2018-10-22T15:20:03","guid":{"rendered":"http:\/\/elcagette-roubaix.org\/?page_id=526"},"modified":"2021-01-19T14:02:40","modified_gmt":"2021-01-19T13:02:40","slug":"les-farines","status":"publish","type":"page","link":"https:\/\/elcagette-roubaix.org\/?page_id=526","title":{"rendered":"les farines"},"content":{"rendered":"<div>&#8211; L<strong>es farines de la ferme de la Roussellerie<\/strong> \u00e0 Herseaux (Belgique&#8230; juste de l&rsquo;autre c\u00f4t\u00e9 de la fronti\u00e8re). Une famille qui cultive des bl\u00e9s bio depuis 50 ans !\u00a0 Ici, on utilise des machines basse-consommation, on travaille dans le respect de la sant\u00e9, de la nature, des paysages et la qualit\u00e9 des milieux.<br \/>\nVous trouverez au hangar de la farine de bl\u00e9 T80, T110 et T150.<\/div>\n<div>\n<div class=\"page\" title=\"Page 1\">\n<div class=\"page\" title=\"Page 1\">\n<p><img loading=\"lazy\" decoding=\"async\" class=\"alignnone size-medium wp-image-875 aligncenter\" src=\"https:\/\/elcagette-roubaix.org\/wp-content\/uploads\/2020\/05\/ble\u0301s-roussellerie-300x225.jpeg\" alt=\"\" width=\"300\" height=\"225\" srcset=\"https:\/\/elcagette-roubaix.org\/wp-content\/uploads\/2020\/05\/ble\u0301s-roussellerie-300x225.jpeg 300w, https:\/\/elcagette-roubaix.org\/wp-content\/uploads\/2020\/05\/ble\u0301s-roussellerie-768x576.jpeg 768w, https:\/\/elcagette-roubaix.org\/wp-content\/uploads\/2020\/05\/ble\u0301s-roussellerie-1024x768.jpeg 1024w, https:\/\/elcagette-roubaix.org\/wp-content\/uploads\/2020\/05\/ble\u0301s-roussellerie-600x450.jpeg 600w, https:\/\/elcagette-roubaix.org\/wp-content\/uploads\/2020\/05\/ble\u0301s-roussellerie-120x90.jpeg 120w, https:\/\/elcagette-roubaix.org\/wp-content\/uploads\/2020\/05\/ble\u0301s-roussellerie.jpeg 1440w\" sizes=\"auto, (max-width: 300px) 100vw, 300px\" \/><\/p>\n<\/div>\n<\/div>\n<\/div>\n<div>&#8211; <strong>les farines de bl\u00e9 anciens de Didier Findinier<\/strong>, \u00e0 Campagne-l\u00e8s-Boulonnais, dans le Pas de Calais.<\/div>\n<div>\n<p>Pour parler de la farine de Didier, il faudrait parler de ses sols, de ses arbres, de son mode de culture, et surtout de ses bl\u00e9s anciens ! C&rsquo;est beaucoup&#8230;<\/p>\n<div class=\"page\" title=\"Page 1\">\n<div class=\"page\" title=\"Page 1\">\n<p>Sachez donc simplement que cette farine est exceptionnelle et qu&rsquo;elle provient de ses terres du Boulonnais. Et pour en savoir plus, on vous conseille la lecture d&rsquo;un excellent article de Reporterre, que vous trouverez en cliquant <a href=\"https:\/\/reporterre.net\/Dans-le-nord-de-la-France-des-paysans-redonnent-vie-aux-bles-anciens-12742\">ICI<\/a>.<\/p>\n<\/div>\n<\/div>\n<div id=\"ffenetremailtomailModal\">\n<div id=\"ffenetremailtopopupModalMail\"><\/div>\n<\/div>\n<div><\/div>\n<figure id=\"attachment_556\" aria-describedby=\"caption-attachment-556\" style=\"width: 300px\" class=\"wp-caption alignleft\"><img loading=\"lazy\" decoding=\"async\" class=\"wp-image-556 size-medium\" src=\"https:\/\/elcagette-roubaix.org\/wp-content\/uploads\/2018\/10\/ble\u0301-300x200.jpg\" alt=\"\" width=\"300\" height=\"200\" srcset=\"https:\/\/elcagette-roubaix.org\/wp-content\/uploads\/2018\/10\/ble\u0301-300x200.jpg 300w, https:\/\/elcagette-roubaix.org\/wp-content\/uploads\/2018\/10\/ble\u0301-600x401.jpg 600w, https:\/\/elcagette-roubaix.org\/wp-content\/uploads\/2018\/10\/ble\u0301.jpg 720w\" sizes=\"auto, (max-width: 300px) 100vw, 300px\" \/><figcaption id=\"caption-attachment-556\" class=\"wp-caption-text\">photo Reporterre: Didier dans ses bl\u00e9s<\/figcaption><\/figure>\n<\/div>\n<div id=\"ffenetremailtomailModal\" style=\"z-index: 20002;\">\n<div id=\"ffenetremailtopopupModalMail\"><\/div>\n<\/div>\n<div><img \/><\/div>\n","protected":false},"excerpt":{"rendered":"<p>&#8211; Les farines de la ferme de la Roussellerie \u00e0 Herseaux (Belgique&#8230; juste de l&rsquo;autre c\u00f4t\u00e9 de la fronti\u00e8re). Une famille qui cultive des bl\u00e9s bio depuis 50 ans !\u00a0&hellip;<\/p>\n","protected":false},"author":1,"featured_media":0,"parent":0,"menu_order":0,"comment_status":"closed","ping_status":"closed","template":"","meta":{"footnotes":""},"class_list":["post-526","page","type-page","status-publish","hentry","no-post-thumbnail"],"_links":{"self":[{"href":"https:\/\/elcagette-roubaix.org\/index.php?rest_route=\/wp\/v2\/pages\/526","targetHints":{"allow":["GET"]}}],"collection":[{"href":"https:\/\/elcagette-roubaix.org\/index.php?rest_route=\/wp\/v2\/pages"}],"about":[{"href":"https:\/\/elcagette-roubaix.org\/index.php?rest_route=\/wp\/v2\/types\/page"}],"author":[{"embeddable":true,"href":"https:\/\/elcagette-roubaix.org\/index.php?rest_route=\/wp\/v2\/users\/1"}],"replies":[{"embeddable":true,"href":"https:\/\/elcagette-roubaix.org\/index.php?rest_route=%2Fwp%2Fv2%2Fcomments&post=526"}],"version-history":[{"count":8,"href":"https:\/\/elcagette-roubaix.org\/index.php?rest_route=\/wp\/v2\/pages\/526\/revisions"}],"predecessor-version":[{"id":987,"href":"https:\/\/elcagette-roubaix.org\/index.php?rest_route=\/wp\/v2\/pages\/526\/revisions\/987"}],"wp:attachment":[{"href":"https:\/\/elcagette-roubaix.org\/index.php?rest_route=%2Fwp%2Fv2%2Fmedia&parent=526"}],"curies":[{"name":"wp","href":"https:\/\/api.w.org\/{rel}","templated":true}]}}