{"id":455,"date":"2018-10-18T23:52:46","date_gmt":"2018-10-18T21:52:46","guid":{"rendered":"http:\/\/elcagette-roubaix.org\/?page_id=455"},"modified":"2023-04-28T14:52:26","modified_gmt":"2023-04-28T12:52:26","slug":"les-agrumes","status":"publish","type":"page","link":"https:\/\/elcagette-roubaix.org\/?page_id=455","title":{"rendered":"Les agrumes et autres produits des Galline Felici"},"content":{"rendered":"<p><img loading=\"lazy\" decoding=\"async\" class=\"alignleft wp-image-583 size-medium\" src=\"https:\/\/elcagette-roubaix.org\/wp-content\/uploads\/2018\/10\/galline-felici-logo-e1539424423563-300x203.jpg\" alt=\"Logo Galline Felici\" width=\"300\" height=\"203\" \/>Les <a href=\"https:\/\/www.legallinefelici.bio\/fr_FR\/\" target=\"_blank\" rel=\"noopener\">poules heureuses<\/a>, c&rsquo;est le nom de la coop\u00e9rative sicilienne qui nous envoie \u00e0 partir d&rsquo;octobre ses produits gorg\u00e9s de soleil : oranges, citrons, cl\u00e9mentines&#8230;<\/p>\n<p>M\u00fbris sur les pentes du V\u00e9suve, au bord de la M\u00e9diterran\u00e9e, ces fruits sont issus du travail rigoureux d&rsquo;une trentaine de producteurs. Nous sommes all\u00e9s les rencontrer avec nos amis des Givr\u00e9s d&rsquo;Orange en avril 2017. Nous vous raconterons ici ce voyage au milieu des orangers et des oliviers.<\/p>\n<p>En attendant, savourez en photos les paysages de Sicile, et sentez d\u00e9j\u00e0 vos papilles qui fr\u00e9missent rien qu&rsquo;en regardant les citrons et les oranges encore sur la branche&#8230; et tr\u00e8s bient\u00f4t chez vous ! Consultez r\u00e9guli\u00e8rement notre rubrique \u00ab\u00a0Actualit\u00e9s\u00a0\u00bb pour ne pas rater les commandes et les livraisons !<\/p>\n<p>Voir les recettes du <strong><span style=\"color: #800080;\"><a style=\"color: #800080;\" href=\"https:\/\/elcagette-roubaix.org\/?p=732\">vin d&rsquo;orange<\/a><\/span><\/strong>, du <strong><span style=\"color: #800080;\"><a style=\"color: #800080;\" href=\"https:\/\/elcagette-roubaix.org\/?p=661\">Lemon Passion Curd<\/a><\/span><\/strong> et des <span style=\"color: #800080;\"><strong><a style=\"color: #800080;\" href=\"https:\/\/elcagette-roubaix.org\/?p=647\">citrons confits au sel<\/a>.<\/strong><\/span><\/p>\n<p><img loading=\"lazy\" decoding=\"async\" class=\"alignnone size-medium wp-image-581\" src=\"https:\/\/elcagette-roubaix.org\/wp-content\/uploads\/2018\/10\/sicile-300x200.jpg\" alt=\"\" width=\"300\" height=\"200\" srcset=\"https:\/\/elcagette-roubaix.org\/wp-content\/uploads\/2018\/10\/sicile-300x200.jpg 300w, https:\/\/elcagette-roubaix.org\/wp-content\/uploads\/2018\/10\/sicile-768x512.jpg 768w, https:\/\/elcagette-roubaix.org\/wp-content\/uploads\/2018\/10\/sicile-1024x683.jpg 1024w, https:\/\/elcagette-roubaix.org\/wp-content\/uploads\/2018\/10\/sicile-600x400.jpg 600w, https:\/\/elcagette-roubaix.org\/wp-content\/uploads\/2018\/10\/sicile.jpg 1164w\" sizes=\"auto, (max-width: 300px) 100vw, 300px\" \/><img loading=\"lazy\" decoding=\"async\" class=\"alignnone size-medium wp-image-582\" src=\"https:\/\/elcagette-roubaix.org\/wp-content\/uploads\/2018\/10\/citron-gp-300x200.jpg\" alt=\"\" width=\"300\" height=\"200\" srcset=\"https:\/\/elcagette-roubaix.org\/wp-content\/uploads\/2018\/10\/citron-gp-300x200.jpg 300w, https:\/\/elcagette-roubaix.org\/wp-content\/uploads\/2018\/10\/citron-gp.jpg 458w\" sizes=\"auto, (max-width: 300px) 100vw, 300px\" \/><img loading=\"lazy\" decoding=\"async\" class=\"alignnone size-full wp-image-578\" src=\"https:\/\/elcagette-roubaix.org\/wp-content\/uploads\/2018\/10\/oranges-en-sicile.jpg\" alt=\"\" width=\"200\" height=\"200\" srcset=\"https:\/\/elcagette-roubaix.org\/wp-content\/uploads\/2018\/10\/oranges-en-sicile.jpg 200w, https:\/\/elcagette-roubaix.org\/wp-content\/uploads\/2018\/10\/oranges-en-sicile-150x150.jpg 150w\" sizes=\"auto, (max-width: 200px) 100vw, 200px\" \/><img loading=\"lazy\" decoding=\"async\" class=\"size-medium wp-image-579 aligncenter\" src=\"https:\/\/elcagette-roubaix.org\/wp-content\/uploads\/2018\/10\/citrons-en-Sicile-300x200.jpg\" alt=\"\" width=\"300\" height=\"200\" srcset=\"https:\/\/elcagette-roubaix.org\/wp-content\/uploads\/2018\/10\/citrons-en-Sicile-300x200.jpg 300w, https:\/\/elcagette-roubaix.org\/wp-content\/uploads\/2018\/10\/citrons-en-Sicile-768x512.jpg 768w, https:\/\/elcagette-roubaix.org\/wp-content\/uploads\/2018\/10\/citrons-en-Sicile-1024x683.jpg 1024w, https:\/\/elcagette-roubaix.org\/wp-content\/uploads\/2018\/10\/citrons-en-Sicile-600x400.jpg 600w, https:\/\/elcagette-roubaix.org\/wp-content\/uploads\/2018\/10\/citrons-en-Sicile.jpg 1164w\" sizes=\"auto, (max-width: 300px) 100vw, 300px\" \/><\/p>\n","protected":false},"excerpt":{"rendered":"<p>Les poules heureuses, c&rsquo;est le nom de la coop\u00e9rative sicilienne qui nous envoie \u00e0 partir d&rsquo;octobre ses produits gorg\u00e9s de soleil : oranges, citrons, cl\u00e9mentines&#8230; M\u00fbris sur les pentes du&hellip;<\/p>\n","protected":false},"author":1,"featured_media":0,"parent":0,"menu_order":0,"comment_status":"closed","ping_status":"closed","template":"","meta":{"footnotes":""},"class_list":["post-455","page","type-page","status-publish","hentry","no-post-thumbnail"],"_links":{"self":[{"href":"https:\/\/elcagette-roubaix.org\/index.php?rest_route=\/wp\/v2\/pages\/455","targetHints":{"allow":["GET"]}}],"collection":[{"href":"https:\/\/elcagette-roubaix.org\/index.php?rest_route=\/wp\/v2\/pages"}],"about":[{"href":"https:\/\/elcagette-roubaix.org\/index.php?rest_route=\/wp\/v2\/types\/page"}],"author":[{"embeddable":true,"href":"https:\/\/elcagette-roubaix.org\/index.php?rest_route=\/wp\/v2\/users\/1"}],"replies":[{"embeddable":true,"href":"https:\/\/elcagette-roubaix.org\/index.php?rest_route=%2Fwp%2Fv2%2Fcomments&post=455"}],"version-history":[{"count":12,"href":"https:\/\/elcagette-roubaix.org\/index.php?rest_route=\/wp\/v2\/pages\/455\/revisions"}],"predecessor-version":[{"id":1394,"href":"https:\/\/elcagette-roubaix.org\/index.php?rest_route=\/wp\/v2\/pages\/455\/revisions\/1394"}],"wp:attachment":[{"href":"https:\/\/elcagette-roubaix.org\/index.php?rest_route=%2Fwp%2Fv2%2Fmedia&parent=455"}],"curies":[{"name":"wp","href":"https:\/\/api.w.org\/{rel}","templated":true}]}}