{"id":453,"date":"2018-10-18T23:52:22","date_gmt":"2018-10-18T21:52:22","guid":{"rendered":"http:\/\/elcagette-roubaix.org\/?page_id=453"},"modified":"2024-03-20T12:40:51","modified_gmt":"2024-03-20T11:40:51","slug":"les-cagettes","status":"publish","type":"page","link":"https:\/\/elcagette-roubaix.org\/?page_id=453","title":{"rendered":"Les cagettes de l\u00e9gumes"},"content":{"rendered":"\n<p>\u00c0 la ferme du recueil<\/p>\n\n\n\n<h2 class=\"wp-block-heading\">nous produisons des&nbsp;l\u00e9gumes savoureux dans le respect de&nbsp;l\u2019Homme et de la Terre.<\/h2>\n\n\n\n<p>Nos techniques s\u2019inspirent de l\u2019agro\u00e9cologie et l\u2019agroforesterie afin de produire de mani\u00e8re efficace tout en r\u00e9g\u00e9n\u00e9rant la biodiversit\u00e9. Nous souhaitons favoriser la vente directe pour garantir la fra\u00eecheur de nos produits mais aussi pour cr\u00e9er une v\u00e9ritable communaut\u00e9 avec nos clients autour de la transition alimentaire sur notre territoire.<\/p>\n\n\n\n<p><a href=\"https:\/\/lafermedurecueil.com\/\">https:\/\/lafermedurecueil.com\/<\/a><\/p>\n\n\n\n<figure class=\"wp-block-embed is-type-rich is-provider-prise-en-charge-des-contenus-embarqu-s wp-block-embed-prise-en-charge-des-contenus-embarqu-s wp-embed-aspect-16-9 wp-has-aspect-ratio\"><div class=\"wp-block-embed__wrapper\">\n<iframe loading=\"lazy\" title=\"Projet de la Ferme du Recueil\" width=\"640\" height=\"360\" src=\"https:\/\/www.youtube.com\/embed\/QtM63Qqp430?feature=oembed\" frameborder=\"0\" allow=\"accelerometer; autoplay; clipboard-write; encrypted-media; gyroscope; picture-in-picture; web-share\" referrerpolicy=\"strict-origin-when-cross-origin\" allowfullscreen><\/iframe>\n<\/div><\/figure>\n\n\n\n<h2 class=\"wp-block-heading\">Nous avons \u00e0 c\u0153ur&nbsp;:<\/h2>\n\n\n\n<p>De d\u00e9velopper un lieu d\u00e9di\u00e9 \u00e0 la transition agro\u00e9cologique en plein c\u0153ur de la m\u00e9tropole lilloise, qui permettra de faire vivre dignement les acteurs qui y travaillent tout en jouant un r\u00f4le cl\u00e9 d\u2019\u00e9ducation et de sensibilisation pour les personnes qui y viennent.<\/p>\n\n\n\n<p>De faire de la ferme du Recueil un mod\u00e8le reproductible afin de participer \u00e0 la transition agro\u00e9cologique des territoires.<\/p>\n\n\n\n<p>Nous sommes un collectif de mara\u00eechers et d\u2019individus engag\u00e9s pr\u00eats \u00e0 relever le d\u00e9fi de la transition agricole !<\/p>\n\n\n\n<p>La ferme du Recueil est un projet ouvert et en mouvement qui vise \u00e0 f\u00e9d\u00e9rer tout un \u00e9cosyst\u00e8me d\u00e9di\u00e9 \u00e0 la transition agro\u00e9cologique au sein de la m\u00e9tropole lilloise.<\/p>\n","protected":false},"excerpt":{"rendered":"<p>\u00c0 la ferme du recueil nous produisons des&nbsp;l\u00e9gumes savoureux dans le respect de&nbsp;l\u2019Homme et de la Terre. Nos techniques s\u2019inspirent de l\u2019agro\u00e9cologie et l\u2019agroforesterie afin de produire de mani\u00e8re efficace&hellip;<\/p>\n","protected":false},"author":1,"featured_media":0,"parent":0,"menu_order":0,"comment_status":"closed","ping_status":"closed","template":"","meta":{"footnotes":""},"class_list":["post-453","page","type-page","status-publish","hentry","no-post-thumbnail"],"_links":{"self":[{"href":"https:\/\/elcagette-roubaix.org\/index.php?rest_route=\/wp\/v2\/pages\/453","targetHints":{"allow":["GET"]}}],"collection":[{"href":"https:\/\/elcagette-roubaix.org\/index.php?rest_route=\/wp\/v2\/pages"}],"about":[{"href":"https:\/\/elcagette-roubaix.org\/index.php?rest_route=\/wp\/v2\/types\/page"}],"author":[{"embeddable":true,"href":"https:\/\/elcagette-roubaix.org\/index.php?rest_route=\/wp\/v2\/users\/1"}],"replies":[{"embeddable":true,"href":"https:\/\/elcagette-roubaix.org\/index.php?rest_route=%2Fwp%2Fv2%2Fcomments&post=453"}],"version-history":[{"count":9,"href":"https:\/\/elcagette-roubaix.org\/index.php?rest_route=\/wp\/v2\/pages\/453\/revisions"}],"predecessor-version":[{"id":1816,"href":"https:\/\/elcagette-roubaix.org\/index.php?rest_route=\/wp\/v2\/pages\/453\/revisions\/1816"}],"wp:attachment":[{"href":"https:\/\/elcagette-roubaix.org\/index.php?rest_route=%2Fwp%2Fv2%2Fmedia&parent=453"}],"curies":[{"name":"wp","href":"https:\/\/api.w.org\/{rel}","templated":true}]}}