{"id":423,"date":"2018-10-17T14:08:28","date_gmt":"2018-10-17T12:08:28","guid":{"rendered":"http:\/\/elcagette-roubaix.org\/?page_id=423"},"modified":"2023-11-18T10:25:10","modified_gmt":"2023-11-18T09:25:10","slug":"comment-ca-marche","status":"publish","type":"page","link":"https:\/\/elcagette-roubaix.org\/?page_id=423","title":{"rendered":"Comment \u00e7a marche?"},"content":{"rendered":"<p style=\"text-align: center;\"><strong>\u00a0<\/strong><\/p>\n<p>Participer \u00e0 El&rsquo;cagette, c&rsquo;est tr\u00e8s simple!<\/p>\n<ul>\n<li><span style=\"color: #ff6600;\"><strong>Adh\u00e9rez <\/strong>:<\/span> 10\u20ac par an et par foyer (de septembre \u00e0 ao\u00fbt). Ce tarif d&rsquo;adh\u00e9sion est un minimum. Nous vous proposons d&rsquo;augmenter vous m\u00eame le tarif de votre adh\u00e9sion, si c&rsquo;est possible pour vous, en fonction de ce qui vous para\u00eet juste. Ces adh\u00e9sions permettent de financer les frais de gestion de l&rsquo;association.<\/li>\n<li><span style=\"color: #ff6600;\"><strong>Commandez<\/strong><\/span> le week-end \u00e0 l&rsquo;aide du bon de commande que vous recevrez par mail et <strong>inscrivez-vous<\/strong> pour venir chercher vos produits et donner un coup de main au magasin.<\/li>\n<li><span style=\"color: #ff6600;\"><strong>Venez <\/strong><\/span>\n<ul>\n<li>le mercredi de 13h30 \u00e0 19h30,<\/li>\n<li>le jeudi de 9h30 \u00e0 13h et de 15h \u00e0 19h,<\/li>\n<li>le vendredi de 9h30 \u00e0 13h et de 15h \u00e0 19h<\/li>\n<li>le samedi de 9h30 \u00e0 12h30<\/li>\n<\/ul>\n<\/li>\n<\/ul>\n<p>pour r\u00e9cup\u00e9rer vos produits.<\/p>\n<p>Nous sommes <strong><span style=\"color: #000000;\">78 rue Descartes<\/span><\/strong>, entr\u00e9e Rue Salomon de Caus, 59100 Roubaix<\/p>\n<ul>\n<li><span style=\"color: #ff6600;\"><strong>Participez<\/strong><\/span> \u00e0 la vie de l&rsquo;association : nous sommes tous b\u00e9n\u00e9voles. L&rsquo;association a donc besoin de chacun et chacune pour fonctionner. Vous pouvez aider \u00e0 d\u00e9charger les cagettes, assurer une permanence pendant 1h ou 2, chercher de nouveaux produits \u00e0 proposer, participer \u00e0 l&rsquo;\u00e9criture de la newsletter ou \u00e0 la r\u00e9daction des articles de ce site, tout est possible selon votre disponibilit\u00e9 et vos envies&#8230; Toutes les comp\u00e9tences sont les bienvenues!<\/li>\n<li><span style=\"color: #ff6600;\"><strong>Approuvez les r\u00e8gles de fonctionnement<\/strong> <\/span>: les produits sont command\u00e9s \u00e0 l&rsquo;avance et autant que possible, pay\u00e9s \u00e0 l&rsquo;avance. Des produits command\u00e9s et non r\u00e9cup\u00e9r\u00e9s restent dus.<\/li>\n<\/ul>\n","protected":false},"excerpt":{"rendered":"<p>\u00a0 Participer \u00e0 El&rsquo;cagette, c&rsquo;est tr\u00e8s simple! Adh\u00e9rez : 10\u20ac par an et par foyer (de septembre \u00e0 ao\u00fbt). Ce tarif d&rsquo;adh\u00e9sion est un minimum. Nous vous proposons d&rsquo;augmenter vous&hellip;<\/p>\n","protected":false},"author":1,"featured_media":0,"parent":0,"menu_order":0,"comment_status":"closed","ping_status":"closed","template":"","meta":{"footnotes":""},"class_list":["post-423","page","type-page","status-publish","hentry","no-post-thumbnail"],"_links":{"self":[{"href":"https:\/\/elcagette-roubaix.org\/index.php?rest_route=\/wp\/v2\/pages\/423","targetHints":{"allow":["GET"]}}],"collection":[{"href":"https:\/\/elcagette-roubaix.org\/index.php?rest_route=\/wp\/v2\/pages"}],"about":[{"href":"https:\/\/elcagette-roubaix.org\/index.php?rest_route=\/wp\/v2\/types\/page"}],"author":[{"embeddable":true,"href":"https:\/\/elcagette-roubaix.org\/index.php?rest_route=\/wp\/v2\/users\/1"}],"replies":[{"embeddable":true,"href":"https:\/\/elcagette-roubaix.org\/index.php?rest_route=%2Fwp%2Fv2%2Fcomments&post=423"}],"version-history":[{"count":19,"href":"https:\/\/elcagette-roubaix.org\/index.php?rest_route=\/wp\/v2\/pages\/423\/revisions"}],"predecessor-version":[{"id":1714,"href":"https:\/\/elcagette-roubaix.org\/index.php?rest_route=\/wp\/v2\/pages\/423\/revisions\/1714"}],"wp:attachment":[{"href":"https:\/\/elcagette-roubaix.org\/index.php?rest_route=%2Fwp%2Fv2%2Fmedia&parent=423"}],"curies":[{"name":"wp","href":"https:\/\/api.w.org\/{rel}","templated":true}]}}