{"id":378,"date":"2018-10-16T20:40:34","date_gmt":"2018-10-16T18:40:34","guid":{"rendered":"http:\/\/elcagette-roubaix.org\/?page_id=378"},"modified":"2021-01-19T14:38:30","modified_gmt":"2021-01-19T13:38:30","slug":"les-thes-et-tisanes","status":"publish","type":"page","link":"https:\/\/elcagette-roubaix.org\/?page_id=378","title":{"rendered":"Les th\u00e9s et tisanes"},"content":{"rendered":"<p><strong>1336\u00a0<\/strong>: c&rsquo;est le nombre de jours pendant lesquels les salari\u00e9s de Fralib, \u00e0 Gemenos, pr\u00e8s de Marseille ont lutt\u00e9 contre le g\u00e9ant Unilever pour sauver leur usine.<\/p>\n<p><strong>1336<\/strong>, c&rsquo;est aujourd&rsquo;hui la marque d&rsquo;une gamme de th\u00e9s et tisanes, fabriqu\u00e9e par ces m\u00eames salari\u00e9s, dans l&rsquo;usine qu&rsquo;ils ont r\u00e9ussi \u00e0 reprendre en s&rsquo;organisant en coop\u00e9rative. (SCOPTI)<\/p>\n<p>L&rsquo;objectif de\u00a0 SCOPTI, est de \u00ab\u00a0<em>favoriser la revitalisation et la r\u00e9organisation d\u2019une fili\u00e8re courte en relation avec des producteurs locaux sans distinction r\u00e9gionale, en privil\u00e9giant tout le territoire fran\u00e7ais et en respectant les crit\u00e8res g\u00e9ographiques n\u00e9cessaires \u00e0 la qualit\u00e9 gustative de certaines plantes<\/em>\u00ab\u00a0.<\/p>\n","protected":false},"excerpt":{"rendered":"<p>1336\u00a0: c&rsquo;est le nombre de jours pendant lesquels les salari\u00e9s de Fralib, \u00e0 Gemenos, pr\u00e8s de Marseille ont lutt\u00e9 contre le g\u00e9ant Unilever pour sauver leur usine. 1336, c&rsquo;est aujourd&rsquo;hui&hellip;<\/p>\n","protected":false},"author":1,"featured_media":0,"parent":0,"menu_order":0,"comment_status":"closed","ping_status":"closed","template":"","meta":{"footnotes":""},"class_list":["post-378","page","type-page","status-publish","hentry","no-post-thumbnail"],"_links":{"self":[{"href":"https:\/\/elcagette-roubaix.org\/index.php?rest_route=\/wp\/v2\/pages\/378","targetHints":{"allow":["GET"]}}],"collection":[{"href":"https:\/\/elcagette-roubaix.org\/index.php?rest_route=\/wp\/v2\/pages"}],"about":[{"href":"https:\/\/elcagette-roubaix.org\/index.php?rest_route=\/wp\/v2\/types\/page"}],"author":[{"embeddable":true,"href":"https:\/\/elcagette-roubaix.org\/index.php?rest_route=\/wp\/v2\/users\/1"}],"replies":[{"embeddable":true,"href":"https:\/\/elcagette-roubaix.org\/index.php?rest_route=%2Fwp%2Fv2%2Fcomments&post=378"}],"version-history":[{"count":5,"href":"https:\/\/elcagette-roubaix.org\/index.php?rest_route=\/wp\/v2\/pages\/378\/revisions"}],"predecessor-version":[{"id":1004,"href":"https:\/\/elcagette-roubaix.org\/index.php?rest_route=\/wp\/v2\/pages\/378\/revisions\/1004"}],"wp:attachment":[{"href":"https:\/\/elcagette-roubaix.org\/index.php?rest_route=%2Fwp%2Fv2%2Fmedia&parent=378"}],"curies":[{"name":"wp","href":"https:\/\/api.w.org\/{rel}","templated":true}]}}